{"id":39,"date":"2025-10-04T10:49:21","date_gmt":"2025-10-04T10:49:21","guid":{"rendered":"https:\/\/melianex.com\/?page_id=39"},"modified":"2026-04-01T23:41:32","modified_gmt":"2026-04-01T23:41:32","slug":"about-us","status":"publish","type":"page","link":"https:\/\/melianex.com\/en\/about-us\/","title":{"rendered":"About Us"},"content":{"rendered":"<style>.kb-row-layout-id39_f3f9aa-e0 > .kt-row-column-wrap{align-content:start;}:where(.kb-row-layout-id39_f3f9aa-e0 > .kt-row-column-wrap) > .wp-block-kadence-column{justify-content:start;}.kb-row-layout-id39_f3f9aa-e0 > .kt-row-column-wrap{column-gap:var(--global-kb-gap-md, 2rem);row-gap:var(--global-kb-gap-md, 2rem);max-width:var(--wp--style--global--content-size);padding-top:var(--global-kb-spacing-xl, 4rem);padding-bottom:var(--global-kb-spacing-xl, 4rem);grid-template-columns:minmax(0, 1fr);}.kb-row-layout-id39_f3f9aa-e0 > .kt-row-layout-overlay{opacity:0.30;}@media all and (max-width: 1024px){.kb-row-layout-id39_f3f9aa-e0 > .kt-row-column-wrap{grid-template-columns:minmax(0, 1fr);}}@media all and (max-width: 767px){.kb-row-layout-id39_f3f9aa-e0 > .kt-row-column-wrap{grid-template-columns:minmax(0, 1fr);}}<\/style><div class=\"kb-row-layout-wrap kb-row-layout-id39_f3f9aa-e0 alignfull has-ast-global-color-0-background-color kt-row-has-bg wp-block-kadence-rowlayout\"><div class=\"kt-row-column-wrap kt-has-1-columns kt-row-layout-equal kt-tab-layout-inherit kt-mobile-layout-row kt-row-valign-top kb-theme-content-width\">\n<style>.kadence-column39_c531d1-44 > .kt-inside-inner-col,.kadence-column39_c531d1-44 > .kt-inside-inner-col:before{border-top-left-radius:0px;border-top-right-radius:0px;border-bottom-right-radius:0px;border-bottom-left-radius:0px;}.kadence-column39_c531d1-44 > .kt-inside-inner-col{column-gap:var(--global-kb-gap-sm, 1rem);}.kadence-column39_c531d1-44 > .kt-inside-inner-col{flex-direction:column;}.kadence-column39_c531d1-44 > .kt-inside-inner-col > .aligncenter{width:100%;}.kadence-column39_c531d1-44 > .kt-inside-inner-col:before{opacity:0.3;}.kadence-column39_c531d1-44{position:relative;}@media all and (max-width: 1024px){.kadence-column39_c531d1-44 > .kt-inside-inner-col{flex-direction:column;justify-content:center;}}@media all and (max-width: 767px){.kadence-column39_c531d1-44 > .kt-inside-inner-col{flex-direction:column;justify-content:center;}}<\/style>\n<div class=\"wp-block-kadence-column kadence-column39_c531d1-44\"><div class=\"kt-inside-inner-col\"><style>.wp-block-kadence-advancedheading.kt-adv-heading39_10ca6d-36, .wp-block-kadence-advancedheading.kt-adv-heading39_10ca6d-36[data-kb-block=\"kb-adv-heading39_10ca6d-36\"]{text-align:center;font-style:normal;}.wp-block-kadence-advancedheading.kt-adv-heading39_10ca6d-36 mark.kt-highlight, .wp-block-kadence-advancedheading.kt-adv-heading39_10ca6d-36[data-kb-block=\"kb-adv-heading39_10ca6d-36\"] mark.kt-highlight{font-style:normal;color:#f76a0c;-webkit-box-decoration-break:clone;box-decoration-break:clone;padding-top:0px;padding-right:0px;padding-bottom:0px;padding-left:0px;}<\/style>\n<h1 class=\"kt-adv-heading39_10ca6d-36 wp-block-kadence-advancedheading has-ast-global-color-5-color has-text-color\" data-kb-block=\"kb-adv-heading39_10ca6d-36\">Abous Us<\/h1>\n\n\n\n<p><\/p>\n<\/div><\/div>\n\n<\/div><\/div>\n\n<style>.kb-row-layout-id39_d3bc8f-92 > .kt-row-column-wrap{align-content:start;}:where(.kb-row-layout-id39_d3bc8f-92 > .kt-row-column-wrap) > .wp-block-kadence-column{justify-content:start;}.kb-row-layout-id39_d3bc8f-92 > .kt-row-column-wrap{column-gap:var(--global-kb-gap-md, 2rem);row-gap:var(--global-kb-gap-md, 2rem);padding-top:var(--global-kb-spacing-md, 2rem);padding-right:var(--global-kb-spacing-xs, 1rem);padding-bottom:var(--global-kb-spacing-md, 2rem);padding-left:var(--global-kb-spacing-xs, 1rem);grid-template-columns:minmax(0, 1fr);}.kb-row-layout-id39_d3bc8f-92 > .kt-row-layout-overlay{opacity:0.30;}@media all and (max-width: 1024px){.kb-row-layout-id39_d3bc8f-92 > .kt-row-column-wrap{grid-template-columns:minmax(0, 1fr);}}@media all and (max-width: 767px){.kb-row-layout-id39_d3bc8f-92 > .kt-row-column-wrap{grid-template-columns:minmax(0, 1fr);}}<\/style><div class=\"kb-row-layout-wrap kb-row-layout-id39_d3bc8f-92 alignnone wp-block-kadence-rowlayout\"><div class=\"kt-row-column-wrap kt-has-1-columns kt-row-layout-equal kt-tab-layout-inherit kt-mobile-layout-row kt-row-valign-top\">\n<style>.kadence-column39_7682ce-27 > .kt-inside-inner-col{padding-top:var(--global-kb-spacing-sm, 1.5rem);padding-left:0px;}.kadence-column39_7682ce-27 > .kt-inside-inner-col,.kadence-column39_7682ce-27 > .kt-inside-inner-col:before{border-top-left-radius:0px;border-top-right-radius:0px;border-bottom-right-radius:0px;border-bottom-left-radius:0px;}.kadence-column39_7682ce-27 > .kt-inside-inner-col{column-gap:var(--global-kb-gap-sm, 1rem);}.kadence-column39_7682ce-27 > .kt-inside-inner-col{flex-direction:column;}.kadence-column39_7682ce-27 > .kt-inside-inner-col > .aligncenter{width:100%;}.kadence-column39_7682ce-27 > .kt-inside-inner-col:before{opacity:0.3;}.kadence-column39_7682ce-27{position:relative;}@media all and (max-width: 1024px){.kadence-column39_7682ce-27 > .kt-inside-inner-col{flex-direction:column;justify-content:center;}}@media all and (max-width: 767px){.kadence-column39_7682ce-27 > .kt-inside-inner-col{flex-direction:column;justify-content:center;}}<\/style>\n<div class=\"wp-block-kadence-column kadence-column39_7682ce-27\"><div class=\"kt-inside-inner-col\"><style>.wp-block-kadence-advancedheading.kt-adv-heading39_372373-56, .wp-block-kadence-advancedheading.kt-adv-heading39_372373-56[data-kb-block=\"kb-adv-heading39_372373-56\"]{font-style:normal;}.wp-block-kadence-advancedheading.kt-adv-heading39_372373-56 mark.kt-highlight, .wp-block-kadence-advancedheading.kt-adv-heading39_372373-56[data-kb-block=\"kb-adv-heading39_372373-56\"] mark.kt-highlight{font-style:normal;color:#f76a0c;-webkit-box-decoration-break:clone;box-decoration-break:clone;padding-top:0px;padding-right:0px;padding-bottom:0px;padding-left:0px;}<\/style>\n<h2 class=\"kt-adv-heading39_372373-56 wp-block-kadence-advancedheading\" data-kb-block=\"kb-adv-heading39_372373-56\">Our Mission<\/h2>\n\n\n<style>.wp-block-kadence-advancedheading.kt-adv-heading39_fb2c67-2d, .wp-block-kadence-advancedheading.kt-adv-heading39_fb2c67-2d[data-kb-block=\"kb-adv-heading39_fb2c67-2d\"]{padding-left:0px;font-size:var(--global-kb-font-size-md, 1.25rem);font-style:normal;color:#050505;}.wp-block-kadence-advancedheading.kt-adv-heading39_fb2c67-2d mark.kt-highlight, .wp-block-kadence-advancedheading.kt-adv-heading39_fb2c67-2d[data-kb-block=\"kb-adv-heading39_fb2c67-2d\"] mark.kt-highlight{font-style:normal;color:#f76a0c;-webkit-box-decoration-break:clone;box-decoration-break:clone;padding-top:0px;padding-right:0px;padding-bottom:0px;padding-left:0px;}<\/style>\n<p class=\"kt-adv-heading39_fb2c67-2d wp-block-kadence-advancedheading\" data-kb-block=\"kb-adv-heading39_fb2c67-2d\">Melianex est un exportateur alg\u00e9rien de premier plan. Nous servons de pont direct entre les march\u00e9s internationaux et des biens de consommation fabriqu\u00e9s en Alg\u00e9rie. Nous proposons une s\u00e9lection soign\u00e9e de produits conformes aux normes internationales.<\/p>\n<\/div><\/div>\n\n<\/div><\/div>\n\n<style>.kb-row-layout-id39_38f6d1-e7 > .kt-row-column-wrap{align-content:start;}:where(.kb-row-layout-id39_38f6d1-e7 > .kt-row-column-wrap) > .wp-block-kadence-column{justify-content:start;}.kb-row-layout-id39_38f6d1-e7 > .kt-row-column-wrap{column-gap:var(--global-kb-gap-md, 2rem);row-gap:var(--global-kb-gap-md, 2rem);padding-top:var(--global-kb-spacing-lg, 3rem);padding-right:var(--global-kb-spacing-xs, 1rem);padding-bottom:var(--global-kb-spacing-lg, 3rem);padding-left:var(--global-kb-spacing-xs, 1rem);grid-template-columns:minmax(0, 1fr);}.kb-row-layout-id39_38f6d1-e7 > .kt-row-layout-overlay{opacity:0.30;}@media all and (max-width: 1024px){.kb-row-layout-id39_38f6d1-e7 > .kt-row-column-wrap{grid-template-columns:minmax(0, 1fr);}}@media all and (max-width: 767px){.kb-row-layout-id39_38f6d1-e7 > .kt-row-column-wrap{grid-template-columns:minmax(0, 1fr);}}<\/style><div class=\"kb-row-layout-wrap kb-row-layout-id39_38f6d1-e7 alignnone wp-block-kadence-rowlayout\"><div class=\"kt-row-column-wrap kt-has-1-columns kt-row-layout-equal kt-tab-layout-inherit kt-mobile-layout-row kt-row-valign-top\">\n<style>.kadence-column39_73c6e7-8a > .kt-inside-inner-col,.kadence-column39_73c6e7-8a > .kt-inside-inner-col:before{border-top-left-radius:0px;border-top-right-radius:0px;border-bottom-right-radius:0px;border-bottom-left-radius:0px;}.kadence-column39_73c6e7-8a > .kt-inside-inner-col{column-gap:var(--global-kb-gap-sm, 1rem);}.kadence-column39_73c6e7-8a > .kt-inside-inner-col{flex-direction:column;}.kadence-column39_73c6e7-8a > .kt-inside-inner-col > .aligncenter{width:100%;}.kadence-column39_73c6e7-8a > .kt-inside-inner-col:before{opacity:0.3;}.kadence-column39_73c6e7-8a{position:relative;}@media all and (max-width: 1024px){.kadence-column39_73c6e7-8a > .kt-inside-inner-col{flex-direction:column;justify-content:center;}}@media all and (max-width: 767px){.kadence-column39_73c6e7-8a > .kt-inside-inner-col{flex-direction:column;justify-content:center;}}<\/style>\n<div class=\"wp-block-kadence-column kadence-column39_73c6e7-8a\"><div class=\"kt-inside-inner-col\">\n<h2 class=\"wp-block-heading\">Our Value Proposition<\/h2>\n\n\n\n<ul class=\"wp-block-list\">\n<li class=\"has-black-color has-text-color has-link-color has-medium-font-size wp-elements-58cdb46e0b27b45a480183ee4ccf365a\"><strong>approvisionnement align\u00e9 sur les marques<\/strong> : Partenariats exclusifs avec des acteurs des march\u00e9s alg\u00e9riens leaders pour garantir une qualit\u00e9 constante.<\/li>\n\n\n\n<li class=\"has-black-color has-text-color has-link-color has-medium-font-size wp-elements-3cf12971ea7df4c2201f7d1c637fd602\"><strong>Reliable Export Logistics<\/strong> We manage the entire export process, ensuring efficient and dependable delivery from our warehouses to your destination.<\/li>\n\n\n\n<li class=\"has-black-color has-text-color has-link-color has-medium-font-size wp-elements-ac5ee536f4696374a0e0f287289f31ea\"><strong>Your Strategic Gateway<\/strong> We simplify access to Algeria\u2019s best products, providing a single, trusted point of contact for international buyers.<\/li>\n<\/ul>\n\n\n\n<p class=\"has-black-color has-text-color has-link-color has-medium-font-size wp-elements-75fc3f5363a70e9e11b227006e0b653e\">Melianex is your essential partner for sourcing reliable and market-ready consumer goods from Algeria.<\/p>\n\n\n<style>.wp-block-kadence-advancedbtn.kb-btns39_f8a781-05{gap:var(--global-kb-gap-xs, 0.5rem );justify-content:center;align-items:center;}.kt-btns39_f8a781-05 .kt-button{font-weight:normal;font-style:normal;}.kt-btns39_f8a781-05 .kt-btn-wrap-0{margin-right:5px;}.wp-block-kadence-advancedbtn.kt-btns39_f8a781-05 .kt-btn-wrap-0 .kt-button{color:#555555;border-color:#555555;}.wp-block-kadence-advancedbtn.kt-btns39_f8a781-05 .kt-btn-wrap-0 .kt-button:hover, .wp-block-kadence-advancedbtn.kt-btns39_f8a781-05 .kt-btn-wrap-0 .kt-button:focus{color:#ffffff;border-color:#444444;}.wp-block-kadence-advancedbtn.kt-btns39_f8a781-05 .kt-btn-wrap-0 .kt-button::before{display:none;}.wp-block-kadence-advancedbtn.kt-btns39_f8a781-05 .kt-btn-wrap-0 .kt-button:hover, .wp-block-kadence-advancedbtn.kt-btns39_f8a781-05 .kt-btn-wrap-0 .kt-button:focus{background:#444444;}<\/style>\n<div class=\"wp-block-kadence-advancedbtn kb-buttons-wrap kb-btns39_f8a781-05\"><style>ul.menu .wp-block-kadence-advancedbtn .kb-btn39_5276ac-b5.kb-button{width:initial;}.wp-block-kadence-advancedbtn .kb-btn39_5276ac-b5.kb-button{color:var(--ast-global-color-5);background:var(--ast-global-color-0);border-top-left-radius:10px;border-top-right-radius:10px;border-bottom-right-radius:10px;border-bottom-left-radius:10px;}.wp-block-kadence-advancedbtn .kb-btn39_5276ac-b5.kb-button:hover, .wp-block-kadence-advancedbtn .kb-btn39_5276ac-b5.kb-button:focus{color:var(--ast-global-color-0);background:var(--ast-global-color-1);}<\/style><a class=\"kb-button kt-button button kb-btn39_5276ac-b5 kt-btn-size-xlarge kt-btn-width-type-auto kb-btn-global-fill  kt-btn-has-text-true kt-btn-has-svg-false  wp-block-kadence-singlebtn\" href=\"https:\/\/melianex.com\/en\/contact-us\/\"><span class=\"kt-btn-inner-text\">Contact Us<\/span><\/a><\/div>\n<\/div><\/div>\n\n<\/div><\/div>\n\n\n<p><\/p>","protected":false},"excerpt":{"rendered":"<p>\u00c0 propos de Melianex Notre Mission Melianex est un exportateur alg\u00e9rien de premier plan. Nous servons de pont direct entre [&hellip;]<\/p>","protected":false},"author":1,"featured_media":0,"parent":0,"menu_order":0,"comment_status":"closed","ping_status":"closed","template":"","meta":{"site-sidebar-layout":"default","site-content-layout":"","ast-site-content-layout":"default","site-content-style":"default","site-sidebar-style":"default","ast-global-header-display":"","ast-banner-title-visibility":"","ast-main-header-display":"","ast-hfb-above-header-display":"","ast-hfb-below-header-display":"","ast-hfb-mobile-header-display":"","site-post-title":"disabled","ast-breadcrumbs-content":"","ast-featured-img":"","footer-sml-layout":"","theme-transparent-header-meta":"","adv-header-id-meta":"","stick-header-meta":"","header-above-stick-meta":"","header-main-stick-meta":"","header-below-stick-meta":"","astra-migrate-meta-layouts":"default","ast-page-background-enabled":"default","ast-page-background-meta":{"desktop":{"background-color":"var(--ast-global-color-5)","background-image":"","background-repeat":"repeat","background-position":"center center","background-size":"auto","background-attachment":"scroll","background-type":"","background-media":"","overlay-type":"","overlay-color":"","overlay-opacity":"","overlay-gradient":""},"tablet":{"background-color":"","background-image":"","background-repeat":"repeat","background-position":"center center","background-size":"auto","background-attachment":"scroll","background-type":"","background-media":"","overlay-type":"","overlay-color":"","overlay-opacity":"","overlay-gradient":""},"mobile":{"background-color":"","background-image":"","background-repeat":"repeat","background-position":"center center","background-size":"auto","background-attachment":"scroll","background-type":"","background-media":"","overlay-type":"","overlay-color":"","overlay-opacity":"","overlay-gradient":""}},"ast-content-background-meta":{"desktop":{"background-color":"var(--ast-global-color-4)","background-image":"","background-repeat":"repeat","background-position":"center center","background-size":"auto","background-attachment":"scroll","background-type":"","background-media":"","overlay-type":"","overlay-color":"","overlay-opacity":"","overlay-gradient":""},"tablet":{"background-color":"var(--ast-global-color-4)","background-image":"","background-repeat":"repeat","background-position":"center center","background-size":"auto","background-attachment":"scroll","background-type":"","background-media":"","overlay-type":"","overlay-color":"","overlay-opacity":"","overlay-gradient":""},"mobile":{"background-color":"var(--ast-global-color-4)","background-image":"","background-repeat":"repeat","background-position":"center center","background-size":"auto","background-attachment":"scroll","background-type":"","background-media":"","overlay-type":"","overlay-color":"","overlay-opacity":"","overlay-gradient":""}},"footnotes":""},"class_list":["post-39","page","type-page","status-publish","hentry"],"aioseo_notices":[],"_hostinger_reach_plugin_has_subscription_block":false,"_hostinger_reach_plugin_is_elementor":false,"_links":{"self":[{"href":"https:\/\/melianex.com\/en\/wp-json\/wp\/v2\/pages\/39","targetHints":{"allow":["GET"]}}],"collection":[{"href":"https:\/\/melianex.com\/en\/wp-json\/wp\/v2\/pages"}],"about":[{"href":"https:\/\/melianex.com\/en\/wp-json\/wp\/v2\/types\/page"}],"author":[{"embeddable":true,"href":"https:\/\/melianex.com\/en\/wp-json\/wp\/v2\/users\/1"}],"replies":[{"embeddable":true,"href":"https:\/\/melianex.com\/en\/wp-json\/wp\/v2\/comments?post=39"}],"version-history":[{"count":15,"href":"https:\/\/melianex.com\/en\/wp-json\/wp\/v2\/pages\/39\/revisions"}],"predecessor-version":[{"id":959,"href":"https:\/\/melianex.com\/en\/wp-json\/wp\/v2\/pages\/39\/revisions\/959"}],"wp:attachment":[{"href":"https:\/\/melianex.com\/en\/wp-json\/wp\/v2\/media?parent=39"}],"curies":[{"name":"wp","href":"https:\/\/api.w.org\/{rel}","templated":true}]}}