{"id":287,"date":"2025-11-27T07:23:49","date_gmt":"2025-11-27T07:23:49","guid":{"rendered":"https:\/\/melianex.com\/product\/detecteur\/"},"modified":"2026-04-01T17:15:58","modified_gmt":"2026-04-01T17:15:58","slug":"detecteur","status":"publish","type":"product","link":"https:\/\/melianex.com\/en\/product\/detecteur\/","title":{"rendered":"D\u00e9tecteur"},"content":{"rendered":"<p>Pour vos lieux de passage. LUXY D\u00e9tecteur s&rsquo;allume et s&rsquo;\u00e9teint automatiquement lors votre passage. Id\u00e9ale pour le garage, les escaliers, les couloirs, les abris de voiture et les patios, elle remplace votre ampoule ordinaire et vous permet ainsi d&rsquo;\u00e9conomiser jusqu&rsquo;\u00e0 50% d&rsquo;\u00e9nergie en plus qu&rsquo;une lampe LED classique.<\/p>","protected":false},"excerpt":{"rendered":"<p>Ampoule LED \u00e0 d\u00e9tecteur de mouvement. S&rsquo;allume et s&rsquo;\u00e9teint automatiquement. Id\u00e9ale pour les lieux de passage (garage, escaliers, couloirs, etc.). \u00c9conomie d&rsquo;\u00e9nergie jusqu&rsquo;\u00e0 50%.<\/p>","protected":false},"featured_media":303,"comment_status":"open","ping_status":"closed","template":"","meta":{"site-sidebar-layout":"default","site-content-layout":"","ast-site-content-layout":"default","site-content-style":"default","site-sidebar-style":"default","ast-global-header-display":"","ast-banner-title-visibility":"","ast-main-header-display":"","ast-hfb-above-header-display":"","ast-hfb-below-header-display":"","ast-hfb-mobile-header-display":"","site-post-title":"","ast-breadcrumbs-content":"","ast-featured-img":"","footer-sml-layout":"","theme-transparent-header-meta":"default","adv-header-id-meta":"","stick-header-meta":"","header-above-stick-meta":"","header-main-stick-meta":"","header-below-stick-meta":"","astra-migrate-meta-layouts":"set","ast-page-background-enabled":"default","ast-page-background-meta":{"desktop":{"background-color":"var(--ast-global-color-5)","background-image":"","background-repeat":"repeat","background-position":"center center","background-size":"auto","background-attachment":"scroll","background-type":"","background-media":"","overlay-type":"","overlay-color":"","overlay-opacity":"","overlay-gradient":""},"tablet":{"background-color":"","background-image":"","background-repeat":"repeat","background-position":"center center","background-size":"auto","background-attachment":"scroll","background-type":"","background-media":"","overlay-type":"","overlay-color":"","overlay-opacity":"","overlay-gradient":""},"mobile":{"background-color":"","background-image":"","background-repeat":"repeat","background-position":"center center","background-size":"auto","background-attachment":"scroll","background-type":"","background-media":"","overlay-type":"","overlay-color":"","overlay-opacity":"","overlay-gradient":""}},"ast-content-background-meta":{"desktop":{"background-color":"var(--ast-global-color-4)","background-image":"","background-repeat":"repeat","background-position":"center center","background-size":"auto","background-attachment":"scroll","background-type":"","background-media":"","overlay-type":"","overlay-color":"","overlay-opacity":"","overlay-gradient":""},"tablet":{"background-color":"var(--ast-global-color-4)","background-image":"","background-repeat":"repeat","background-position":"center center","background-size":"auto","background-attachment":"scroll","background-type":"","background-media":"","overlay-type":"","overlay-color":"","overlay-opacity":"","overlay-gradient":""},"mobile":{"background-color":"var(--ast-global-color-4)","background-image":"","background-repeat":"repeat","background-position":"center center","background-size":"auto","background-attachment":"scroll","background-type":"","background-media":"","overlay-type":"","overlay-color":"","overlay-opacity":"","overlay-gradient":""}}},"product_brand":[],"product_cat":[204,15],"product_tag":[108,107,105],"class_list":{"0":"post-287","1":"product","2":"type-product","3":"status-publish","4":"has-post-thumbnail","6":"product_cat-elcairage-lumiere","7":"product_cat-uncategorized","8":"product_tag-detecteur","9":"product_tag-e27","10":"product_tag-led","11":"desktop-align-left","12":"tablet-align-left","13":"mobile-align-left","15":"first","16":"instock","17":"shipping-taxable","18":"product-type-simple"},"aioseo_notices":[],"_links":{"self":[{"href":"https:\/\/melianex.com\/en\/wp-json\/wp\/v2\/product\/287","targetHints":{"allow":["GET"]}}],"collection":[{"href":"https:\/\/melianex.com\/en\/wp-json\/wp\/v2\/product"}],"about":[{"href":"https:\/\/melianex.com\/en\/wp-json\/wp\/v2\/types\/product"}],"replies":[{"embeddable":true,"href":"https:\/\/melianex.com\/en\/wp-json\/wp\/v2\/comments?post=287"}],"wp:featuredmedia":[{"embeddable":true,"href":"https:\/\/melianex.com\/en\/wp-json\/wp\/v2\/media\/303"}],"wp:attachment":[{"href":"https:\/\/melianex.com\/en\/wp-json\/wp\/v2\/media?parent=287"}],"wp:term":[{"taxonomy":"product_brand","embeddable":true,"href":"https:\/\/melianex.com\/en\/wp-json\/wp\/v2\/product_brand?post=287"},{"taxonomy":"product_cat","embeddable":true,"href":"https:\/\/melianex.com\/en\/wp-json\/wp\/v2\/product_cat?post=287"},{"taxonomy":"product_tag","embeddable":true,"href":"https:\/\/melianex.com\/en\/wp-json\/wp\/v2\/product_tag?post=287"}],"curies":[{"name":"wp","href":"https:\/\/api.w.org\/{rel}","templated":true}]}}